{"id":765,"date":"2020-10-01T14:46:41","date_gmt":"2020-10-01T17:46:41","guid":{"rendered":"http:\/\/lamarisqueria.com.ar\/?page_id=765"},"modified":"2020-10-02T17:21:20","modified_gmt":"2020-10-02T20:21:20","slug":"nuestra-historia","status":"publish","type":"page","link":"https:\/\/lamarisqueria.com.ar\/?page_id=765","title":{"rendered":"Nuestra Historia"},"content":{"rendered":"\t\t<div data-elementor-type=\"wp-page\" data-elementor-id=\"765\" class=\"elementor elementor-765\">\n\t\t\t\t\t\t<section class=\"elementor-section elementor-top-section elementor-element elementor-element-5a2869c elementor-section-boxed elementor-section-height-default elementor-section-height-default\" data-id=\"5a2869c\" data-element_type=\"section\" data-e-type=\"section\">\n\t\t\t\t\t\t<div class=\"elementor-container elementor-column-gap-default\">\n\t\t\t\t\t<div class=\"elementor-column elementor-col-100 elementor-top-column elementor-element elementor-element-1fa1c95\" data-id=\"1fa1c95\" data-element_type=\"column\" data-e-type=\"column\">\n\t\t\t<div class=\"elementor-widget-wrap elementor-element-populated\">\n\t\t\t\t\t\t<div class=\"elementor-element elementor-element-7fc7727 elementor-widget elementor-widget-spacer\" data-id=\"7fc7727\" data-element_type=\"widget\" data-e-type=\"widget\" data-widget_type=\"spacer.default\">\n\t\t\t\t<div class=\"elementor-widget-container\">\n\t\t\t\t\t\t\t<div class=\"elementor-spacer\">\n\t\t\t<div class=\"elementor-spacer-inner\"><\/div>\n\t\t<\/div>\n\t\t\t\t\t\t<\/div>\n\t\t\t\t<\/div>\n\t\t\t\t\t<\/div>\n\t\t<\/div>\n\t\t\t\t\t<\/div>\n\t\t<\/section>\n\t\t\t\t<section class=\"elementor-section elementor-top-section elementor-element elementor-element-681ef7f elementor-section-boxed elementor-section-height-default elementor-section-height-default\" data-id=\"681ef7f\" data-element_type=\"section\" data-e-type=\"section\">\n\t\t\t\t\t\t<div class=\"elementor-container elementor-column-gap-default\">\n\t\t\t\t\t<div class=\"elementor-column elementor-col-100 elementor-top-column elementor-element elementor-element-50c73a5\" data-id=\"50c73a5\" data-element_type=\"column\" data-e-type=\"column\">\n\t\t\t<div class=\"elementor-widget-wrap elementor-element-populated\">\n\t\t\t\t\t\t<div class=\"elementor-element elementor-element-30d5941 elementor-widget elementor-widget-heading\" data-id=\"30d5941\" data-element_type=\"widget\" data-e-type=\"widget\" data-widget_type=\"heading.default\">\n\t\t\t\t<div class=\"elementor-widget-container\">\n\t\t\t\t\t<h3 class=\"elementor-heading-title elementor-size-large\">Nuestra Historia<\/h3>\t\t\t\t<\/div>\n\t\t\t\t<\/div>\n\t\t\t\t\t<\/div>\n\t\t<\/div>\n\t\t\t\t\t<\/div>\n\t\t<\/section>\n\t\t\t\t<section class=\"elementor-section elementor-top-section elementor-element elementor-element-536f39b elementor-section-boxed elementor-section-height-default elementor-section-height-default\" data-id=\"536f39b\" data-element_type=\"section\" data-e-type=\"section\">\n\t\t\t\t\t\t<div class=\"elementor-container elementor-column-gap-default\">\n\t\t\t\t\t<div class=\"elementor-column elementor-col-100 elementor-top-column elementor-element elementor-element-57bb527\" data-id=\"57bb527\" data-element_type=\"column\" data-e-type=\"column\">\n\t\t\t<div class=\"elementor-widget-wrap elementor-element-populated\">\n\t\t\t\t\t\t<div class=\"elementor-element elementor-element-eb149fd elementor-widget elementor-widget-spacer\" data-id=\"eb149fd\" data-element_type=\"widget\" data-e-type=\"widget\" data-widget_type=\"spacer.default\">\n\t\t\t\t<div class=\"elementor-widget-container\">\n\t\t\t\t\t\t\t<div class=\"elementor-spacer\">\n\t\t\t<div class=\"elementor-spacer-inner\"><\/div>\n\t\t<\/div>\n\t\t\t\t\t\t<\/div>\n\t\t\t\t<\/div>\n\t\t\t\t<div class=\"elementor-element elementor-element-b2676cb elementor-widget elementor-widget-text-editor\" data-id=\"b2676cb\" data-element_type=\"widget\" data-e-type=\"widget\" data-widget_type=\"text-editor.default\">\n\t\t\t\t<div class=\"elementor-widget-container\">\n\t\t\t\t\t\t\t\t\t<div>\n<div style=\"text-align: center;\">La Marisqueria, con una trayectoria de m\u00e1s de 70 a\u00f1os fue fundada por Francisco Di Leva,&nbsp;<\/div>\n<div style=\"text-align: center;\">marido de Rosa La Marina y padre de Antonio, Saverio, Luis y Miguel Di Leva.&nbsp;<\/div>\n<div>&nbsp;<\/div>\n<div>\u00c9l inici\u00f3 en la actividad cuando emigr\u00f3 de Italia vendiendo pescado en las calles de barrio Norte como palanquero.<\/div>\n<div>&nbsp;Con el transcurso de los a\u00f1os con mucho esfuerzo, sacrificio y la ayuda de su mujer y sus hijos compraron su primera pescader\u00eda&nbsp;<\/div>\n<div>que se llam\u00f3 El Marisco en la calle Libertad (en el mercado de las 5 esquinas) en Recoleta.&nbsp;<\/div>\n<div>&nbsp;<\/div>\n<div>Luego se mudaron a una pescaderia mas grande en la calle Defensa (San Telmo).<\/div>\n<div>&nbsp;Durante muchos a\u00f1os fue unas de las pescader\u00edas m\u00e1s prestigiosas en la Ciudad de Buenos Aires,&nbsp;<\/div>\n<div>no s\u00f3lo contaba con un mostrador de venta al p\u00fablico sino que tambi\u00e9n eran<\/div>\n<div>&nbsp;proveedores mayoristas en hoteles, hospitales, restaurantes y empresas de catering<span style=\"font-size: 1rem;\">,<\/span><\/div>\n<div><span style=\"font-size: 1rem;\">&nbsp;para ese momento ya contaban con su propia flota de camiones refrigerados.&nbsp;<\/span><\/div>\n<div>&nbsp;<\/div>\n<div>Con el paso del tiempo, la empresa creci\u00f3 de manera exponencial, fue entonces cuando<\/div>\n<div>&nbsp;decidieron comprar barcos y tomaron la decisi\u00f3n de dividirse.<\/div>\n<\/div>\n<div>\n<div>&nbsp;<\/div>\n<div>La Marisqueria en ese entonces decidio&nbsp;establecerse como una pescaderia en la Avenida Suarez (La boca).&nbsp;<\/div>\n<div>El Marisco empez\u00f3 a operar desde la ciudad de Mar del Plata, exportando y abasteciendo&nbsp;al mercado local.&nbsp;<\/div>\n<div>Hoy posee 4 barcos pesqueros y 3 plantas frigor\u00edficas.&nbsp;<\/div>\n<div><br><\/div>\n<div>&nbsp;En la actualidad La Marisqueria&nbsp; esta ubicada en Recoleta, cuenta con su propia Pescaderia con los&nbsp;<span style=\"font-size: 1rem;\">mejores productos,&nbsp;<\/span><\/div>\n<div><span style=\"font-size: 1rem;\">frescos, congelados,&nbsp;<\/span><span style=\"font-size: 1rem;\">y tambien con un mostrador de comidas elaboradas, listas para llevar,&nbsp;<\/span><\/div>\n<div>o pedir a domicilio.&nbsp;<\/div>\n<\/div>\t\t\t\t\t\t\t\t<\/div>\n\t\t\t\t<\/div>\n\t\t\t\t\t<\/div>\n\t\t<\/div>\n\t\t\t\t\t<\/div>\n\t\t<\/section>\n\t\t\t\t<section class=\"elementor-section elementor-top-section elementor-element elementor-element-4749e80 elementor-section-boxed elementor-section-height-default elementor-section-height-default\" data-id=\"4749e80\" data-element_type=\"section\" data-e-type=\"section\">\n\t\t\t\t\t\t<div class=\"elementor-container elementor-column-gap-default\">\n\t\t\t\t\t<div class=\"elementor-column elementor-col-100 elementor-top-column elementor-element elementor-element-0d531f7\" data-id=\"0d531f7\" data-element_type=\"column\" data-e-type=\"column\">\n\t\t\t<div class=\"elementor-widget-wrap elementor-element-populated\">\n\t\t\t\t\t\t<div class=\"elementor-element elementor-element-f5b7d5a elementor-widget elementor-widget-spacer\" data-id=\"f5b7d5a\" data-element_type=\"widget\" data-e-type=\"widget\" data-widget_type=\"spacer.default\">\n\t\t\t\t<div class=\"elementor-widget-container\">\n\t\t\t\t\t\t\t<div class=\"elementor-spacer\">\n\t\t\t<div class=\"elementor-spacer-inner\"><\/div>\n\t\t<\/div>\n\t\t\t\t\t\t<\/div>\n\t\t\t\t<\/div>\n\t\t\t\t\t<\/div>\n\t\t<\/div>\n\t\t\t\t\t<\/div>\n\t\t<\/section>\n\t\t\t\t<section class=\"elementor-section elementor-top-section elementor-element elementor-element-b83da91 elementor-section-boxed elementor-section-height-default elementor-section-height-default\" data-id=\"b83da91\" data-element_type=\"section\" data-e-type=\"section\">\n\t\t\t\t\t\t<div class=\"elementor-container elementor-column-gap-default\">\n\t\t\t\t\t<div class=\"elementor-column elementor-col-100 elementor-top-column elementor-element elementor-element-66f4054\" data-id=\"66f4054\" data-element_type=\"column\" data-e-type=\"column\">\n\t\t\t<div class=\"elementor-widget-wrap elementor-element-populated\">\n\t\t\t\t\t\t<div class=\"elementor-element elementor-element-b2da82d elementor-widget elementor-widget-video\" data-id=\"b2da82d\" data-element_type=\"widget\" data-e-type=\"widget\" data-settings=\"{&quot;youtube_url&quot;:&quot;https:\\\/\\\/www.youtube.com\\\/watch?v=-NgB_A1ypw0&amp;ab_channel=BuenosMares-Pescader%C3%ADa&quot;,&quot;video_type&quot;:&quot;youtube&quot;}\" data-widget_type=\"video.default\">\n\t\t\t\t<div class=\"elementor-widget-container\">\n\t\t\t\t\t\t\t<div class=\"elementor-wrapper elementor-open-inline\">\n\t\t\t<div class=\"elementor-video\"><\/div>\t\t<\/div>\n\t\t\t\t\t\t<\/div>\n\t\t\t\t<\/div>\n\t\t\t\t\t<\/div>\n\t\t<\/div>\n\t\t\t\t\t<\/div>\n\t\t<\/section>\n\t\t\t\t<section class=\"elementor-section elementor-top-section elementor-element elementor-element-28fa74b elementor-section-boxed elementor-section-height-default elementor-section-height-default\" data-id=\"28fa74b\" data-element_type=\"section\" data-e-type=\"section\">\n\t\t\t\t\t\t<div class=\"elementor-container elementor-column-gap-default\">\n\t\t\t\t\t<div class=\"elementor-column elementor-col-100 elementor-top-column elementor-element elementor-element-7baaaf8\" data-id=\"7baaaf8\" data-element_type=\"column\" data-e-type=\"column\">\n\t\t\t<div class=\"elementor-widget-wrap elementor-element-populated\">\n\t\t\t\t\t\t<div class=\"elementor-element elementor-element-0461fca elementor-widget elementor-widget-spacer\" data-id=\"0461fca\" data-element_type=\"widget\" data-e-type=\"widget\" data-widget_type=\"spacer.default\">\n\t\t\t\t<div class=\"elementor-widget-container\">\n\t\t\t\t\t\t\t<div class=\"elementor-spacer\">\n\t\t\t<div class=\"elementor-spacer-inner\"><\/div>\n\t\t<\/div>\n\t\t\t\t\t\t<\/div>\n\t\t\t\t<\/div>\n\t\t\t\t\t<\/div>\n\t\t<\/div>\n\t\t\t\t\t<\/div>\n\t\t<\/section>\n\t\t\t\t<\/div>\n\t\t","protected":false},"excerpt":{"rendered":"<p>Nuestra Historia La Marisqueria, con una trayectoria de m\u00e1s de 70 a\u00f1os fue fundada por Francisco Di Leva,&nbsp; marido de Rosa La Marina y padre de Antonio, Saverio, Luis y Miguel Di Leva.&nbsp; &nbsp; \u00c9l inici\u00f3 en la actividad cuando emigr\u00f3 de Italia vendiendo pescado en las calles de barrio Norte como palanquero. &nbsp;Con el [&hellip;]<\/p>\n","protected":false},"author":1,"featured_media":0,"parent":0,"menu_order":0,"comment_status":"closed","ping_status":"closed","template":"elementor_header_footer","meta":{"footnotes":""},"class_list":["post-765","page","type-page","status-publish","hentry"],"_links":{"self":[{"href":"https:\/\/lamarisqueria.com.ar\/index.php?rest_route=\/wp\/v2\/pages\/765","targetHints":{"allow":["GET"]}}],"collection":[{"href":"https:\/\/lamarisqueria.com.ar\/index.php?rest_route=\/wp\/v2\/pages"}],"about":[{"href":"https:\/\/lamarisqueria.com.ar\/index.php?rest_route=\/wp\/v2\/types\/page"}],"author":[{"embeddable":true,"href":"https:\/\/lamarisqueria.com.ar\/index.php?rest_route=\/wp\/v2\/users\/1"}],"replies":[{"embeddable":true,"href":"https:\/\/lamarisqueria.com.ar\/index.php?rest_route=%2Fwp%2Fv2%2Fcomments&post=765"}],"version-history":[{"count":10,"href":"https:\/\/lamarisqueria.com.ar\/index.php?rest_route=\/wp\/v2\/pages\/765\/revisions"}],"predecessor-version":[{"id":1015,"href":"https:\/\/lamarisqueria.com.ar\/index.php?rest_route=\/wp\/v2\/pages\/765\/revisions\/1015"}],"wp:attachment":[{"href":"https:\/\/lamarisqueria.com.ar\/index.php?rest_route=%2Fwp%2Fv2%2Fmedia&parent=765"}],"curies":[{"name":"wp","href":"https:\/\/api.w.org\/{rel}","templated":true}]}}